{"id":188,"date":"2025-10-30T15:00:17","date_gmt":"2025-10-30T15:00:17","guid":{"rendered":"https:\/\/hookbook.info\/?page_id=188"},"modified":"2025-10-30T15:01:38","modified_gmt":"2025-10-30T15:01:38","slug":"impressum","status":"publish","type":"page","link":"https:\/\/hookbook.info\/?page_id=188","title":{"rendered":"Impressum"},"content":{"rendered":"\t\t<div data-elementor-type=\"wp-page\" data-elementor-id=\"188\" class=\"elementor elementor-188\">\n\t\t\t\t<div class=\"elementor-element elementor-element-dbd2c1f e-flex e-con-boxed e-con e-parent\" data-id=\"dbd2c1f\" data-element_type=\"container\">\n\t\t\t\t\t<div class=\"e-con-inner\">\n\t\t\t\t<div class=\"elementor-element elementor-element-d4ec5ba elementor-widget elementor-widget-text-editor\" data-id=\"d4ec5ba\" data-element_type=\"widget\" data-widget_type=\"text-editor.default\">\n\t\t\t\t\t\t\t\t\t<h1 data-start=\"335\" data-end=\"365\"><strong data-start=\"337\" data-end=\"365\">Impressum \/ Legal Notice<\/strong><\/h1>\n<p data-start=\"367\" data-end=\"465\"><strong data-start=\"367\" data-end=\"393\">Angaben gem\u00e4\u00df \u00a7 5 TMG:<\/strong><br data-start=\"393\" data-end=\"396\">HookBook \u2013 Oliver Mucha<br data-start=\"419\" data-end=\"422\">Moselweg 13<br data-start=\"433\" data-end=\"436\">51789 Lindlar<br data-start=\"449\" data-end=\"452\">Deutschland<\/p>\n<p data-start=\"467\" data-end=\"509\"><strong data-start=\"467\" data-end=\"479\">Kontakt:<\/strong><br data-start=\"479\" data-end=\"482\">E-Mail: <strong data-start=\"490\" data-end=\"509\"><a class=\"decorated-link cursor-pointer\" rel=\"noopener\" data-start=\"492\" data-end=\"507\">hookbook@web.de<\/a><\/strong><\/p>\n<hr data-start=\"511\" data-end=\"514\">\n<h2 data-start=\"516\" data-end=\"577\"><strong data-start=\"519\" data-end=\"575\">Verantwortlich f\u00fcr den Inhalt nach \u00a7 55 Abs. 2 RStV:<\/strong><\/h2>\n<p data-start=\"578\" data-end=\"636\">Oliver Mucha<br data-start=\"590\" data-end=\"593\">Moselweg 13<br data-start=\"604\" data-end=\"607\">51789 Lindlar<br data-start=\"620\" data-end=\"623\">Deutschland<\/p>\n<hr data-start=\"638\" data-end=\"641\">\n<h2 data-start=\"643\" data-end=\"686\"><strong data-start=\"646\" data-end=\"684\">Umsatzsteuer-ID (falls vorhanden):<\/strong><\/h2>\n<p data-start=\"687\" data-end=\"765\"><strong data-start=\"687\" data-end=\"765\">DE454161087<\/strong><\/p>\n<hr data-start=\"767\" data-end=\"770\">\n<h2 data-start=\"772\" data-end=\"832\"><strong data-start=\"775\" data-end=\"830\">Online-Streitbeilegung gem\u00e4\u00df Art. 14 Abs. 1 ODR-VO:<\/strong><\/h2>\n<p data-start=\"833\" data-end=\"1000\">Die Europ\u00e4ische Kommission stellt eine Plattform zur Online-Streitbeilegung (OS) bereit:<br data-start=\"921\" data-end=\"924\"><a class=\"decorated-link\" href=\"https:\/\/ec.europa.eu\/consumers\/odr\/\" target=\"_new\" rel=\"noopener\" data-start=\"924\" data-end=\"998\">https:\/\/ec.europa.eu\/consumers\/odr\/<\/a><\/p>\n<p data-start=\"1002\" data-end=\"1055\">Unsere E-Mail-Adresse finden Sie oben im Impressum.<\/p>\n<p data-start=\"1057\" data-end=\"1197\">Wir sind <strong data-start=\"1066\" data-end=\"1105\">nicht verpflichtet und nicht bereit<\/strong>, an einem Streitbeilegungsverfahren vor einer Verbraucherschlichtungsstelle teilzunehmen.<\/p>\n<hr data-start=\"1199\" data-end=\"1202\">\n<p data-start=\"1204\" data-end=\"1230\"><img decoding=\"async\" draggable=\"false\" role=\"img\" class=\"emoji\" alt=\"\ud83d\udcc4\" src=\"https:\/\/s.w.org\/images\/core\/emoji\/16.0.1\/svg\/1f4c4.svg\"> <strong data-start=\"1207\" data-end=\"1217\">Stand:<\/strong> 30.10.2025<\/p>\t\t\t\t\t\t\t\t<\/div>\n\t\t\t\t\t<\/div>\n\t\t\t\t<\/div>\n\t\t\t\t<\/div>\n\t\t","protected":false},"excerpt":{"rendered":"<p>Impressum \/ Legal Notice Angaben gem\u00e4\u00df \u00a7 5 TMG:HookBook \u2013 Oliver MuchaMoselweg 1351789 LindlarDeutschland Kontakt:E-Mail: hookbook@web.de Verantwortlich f\u00fcr den Inhalt nach \u00a7 55 Abs. 2 RStV: Oliver MuchaMoselweg 1351789 LindlarDeutschland Umsatzsteuer-ID (falls vorhanden): DE454161087 Online-Streitbeilegung gem\u00e4\u00df Art. 14 Abs. 1 ODR-VO: Die Europ\u00e4ische Kommission stellt eine Plattform zur Online-Streitbeilegung (OS) bereit:https:\/\/ec.europa.eu\/consumers\/odr\/ Unsere E-Mail-Adresse finden Sie [&hellip;]<\/p>\n","protected":false},"author":1,"featured_media":0,"parent":0,"menu_order":0,"comment_status":"closed","ping_status":"closed","template":"","meta":{"footnotes":""},"class_list":["post-188","page","type-page","status-publish","hentry"],"_links":{"self":[{"href":"https:\/\/hookbook.info\/index.php?rest_route=\/wp\/v2\/pages\/188","targetHints":{"allow":["GET"]}}],"collection":[{"href":"https:\/\/hookbook.info\/index.php?rest_route=\/wp\/v2\/pages"}],"about":[{"href":"https:\/\/hookbook.info\/index.php?rest_route=\/wp\/v2\/types\/page"}],"author":[{"embeddable":true,"href":"https:\/\/hookbook.info\/index.php?rest_route=\/wp\/v2\/users\/1"}],"replies":[{"embeddable":true,"href":"https:\/\/hookbook.info\/index.php?rest_route=%2Fwp%2Fv2%2Fcomments&post=188"}],"version-history":[{"count":4,"href":"https:\/\/hookbook.info\/index.php?rest_route=\/wp\/v2\/pages\/188\/revisions"}],"predecessor-version":[{"id":192,"href":"https:\/\/hookbook.info\/index.php?rest_route=\/wp\/v2\/pages\/188\/revisions\/192"}],"wp:attachment":[{"href":"https:\/\/hookbook.info\/index.php?rest_route=%2Fwp%2Fv2%2Fmedia&parent=188"}],"curies":[{"name":"wp","href":"https:\/\/api.w.org\/{rel}","templated":true}]}}